{"id":2006,"date":"2025-03-05T21:01:18","date_gmt":"2025-03-05T20:01:18","guid":{"rendered":"https:\/\/www.kava-agape.eu\/?post_type=product&#038;p=2006"},"modified":"2026-04-06T08:36:11","modified_gmt":"2026-04-06T06:36:11","slug":"1000g-prazena-zrnkova-kava","status":"publish","type":"product","link":"https:\/\/www.kava-agape.eu\/index.php\/product\/1000g-prazena-zrnkova-kava\/","title":{"rendered":"1000g pra\u017een\u00e1 zrnkov\u00e1 k\u00e1va"},"content":{"rendered":"<p>Objevte v\u00fdjime\u010dnou 100% Arabicu pra\u017eenou s p\u00e9\u010d\u00ed na Slovensku, kter\u00e1 nejen skv\u011ble chutn\u00e1, ale tak\u00e9 pom\u00e1h\u00e1. K\u00e1va Agap\u00e9 je sou\u010d\u00e1st\u00ed unik\u00e1tn\u00edho projektu na podporu farm\u00e1\u0159\u016f v Ugand\u011b. Ka\u017ed\u00fdm zakoupen\u00fdm bal\u00ed\u010dkem p\u0159isp\u00edv\u00e1te na rozvoj k\u00e1vov\u00fdch plant\u00e1\u017e\u00ed a lep\u0161\u00ed \u017eivotn\u00ed podm\u00ednky m\u00edstn\u00ed komunity v Kiyebe.<\/p>\n<p data-start=\"458\" data-end=\"702\">\u2728 <strong data-start=\"460\" data-end=\"492\">Pro\u010d si vybrat Agap\u00e9 Coffee?<\/strong><br data-start=\"492\" data-end=\"495\" \/>\u2714 100% Arabica \u2013 pe\u010dliv\u011b vybran\u00e1 a pra\u017een\u00e1 pro dokonalou chu\u0165<br data-start=\"608\" data-end=\"611\" \/>\u2714 Podporujete f\u00e9rov\u00e9 pracovn\u00ed p\u0159\u00edle\u017eitosti v Ugand\u011b<br data-start=\"662\" data-end=\"665\" \/>\u2714 Ka\u017ed\u00fd n\u00e1kup pom\u00e1h\u00e1<\/p>\n<p data-start=\"704\" data-end=\"782\">Dop\u0159ejte si \u0161\u00e1lek v\u00fdjime\u010dn\u00e9 k\u00e1vy a bu\u010fte sou\u010d\u00e1st\u00ed p\u0159\u00edb\u011bhu, kter\u00fd d\u00e1v\u00e1 smysl.<\/p>\n","protected":false},"excerpt":{"rendered":"<p>Objevte v\u00fdjime\u010dnou 100% Arabicu pra\u017eenou s p\u00e9\u010d\u00ed na Slovensku, kter\u00e1 nejen skv\u011ble chutn\u00e1, ale tak\u00e9 pom\u00e1h\u00e1. K\u00e1va Agap\u00e9 je sou\u010d\u00e1st\u00ed unik\u00e1tn\u00edho projektu na podporu farm\u00e1\u0159\u016f v Ugand\u011b. Ka\u017ed\u00fdm zakoupen\u00fdm bal\u00ed\u010dkem p\u0159isp\u00edv\u00e1te na rozvoj k\u00e1vov\u00fdch plant\u00e1\u017e\u00ed a lep\u0161\u00ed \u017eivotn\u00ed podm\u00ednky m\u00edstn\u00ed komunity v Kiyebe. \u2728 Pro\u010d si vybrat Agap\u00e9 Coffee?\u2714 100% Arabica \u2013 pe\u010dliv\u011b vybran\u00e1 a [&hellip;]<\/p>\n","protected":false},"featured_media":2263,"comment_status":"closed","ping_status":"closed","template":"","meta":[],"product_brand":[],"product_cat":[42],"product_tag":[],"class_list":{"0":"post-2006","1":"product","2":"type-product","3":"status-publish","4":"has-post-thumbnail","6":"product_cat-kava-2","8":"first","9":"instock","10":"taxable","11":"shipping-taxable","12":"purchasable","13":"product-type-simple"},"_links":{"self":[{"href":"https:\/\/www.kava-agape.eu\/index.php\/wp-json\/wp\/v2\/product\/2006","targetHints":{"allow":["GET"]}}],"collection":[{"href":"https:\/\/www.kava-agape.eu\/index.php\/wp-json\/wp\/v2\/product"}],"about":[{"href":"https:\/\/www.kava-agape.eu\/index.php\/wp-json\/wp\/v2\/types\/product"}],"replies":[{"embeddable":true,"href":"https:\/\/www.kava-agape.eu\/index.php\/wp-json\/wp\/v2\/comments?post=2006"}],"wp:featuredmedia":[{"embeddable":true,"href":"https:\/\/www.kava-agape.eu\/index.php\/wp-json\/wp\/v2\/media\/2263"}],"wp:attachment":[{"href":"https:\/\/www.kava-agape.eu\/index.php\/wp-json\/wp\/v2\/media?parent=2006"}],"wp:term":[{"taxonomy":"product_brand","embeddable":true,"href":"https:\/\/www.kava-agape.eu\/index.php\/wp-json\/wp\/v2\/product_brand?post=2006"},{"taxonomy":"product_cat","embeddable":true,"href":"https:\/\/www.kava-agape.eu\/index.php\/wp-json\/wp\/v2\/product_cat?post=2006"},{"taxonomy":"product_tag","embeddable":true,"href":"https:\/\/www.kava-agape.eu\/index.php\/wp-json\/wp\/v2\/product_tag?post=2006"}],"curies":[{"name":"wp","href":"https:\/\/api.w.org\/{rel}","templated":true}]}}